{"id":1642,"date":"2025-07-31T19:34:55","date_gmt":"2025-07-31T19:34:55","guid":{"rendered":"https:\/\/pinsargentina.shop\/?page_id=1642"},"modified":"2025-08-19T17:40:51","modified_gmt":"2025-08-19T17:40:51","slug":"como-comprar","status":"publish","type":"page","link":"https:\/\/pinsargentina.shop\/?page_id=1642","title":{"rendered":"C\u00f3mo comprar"},"content":{"rendered":"\t\t<div data-elementor-type=\"wp-page\" data-elementor-id=\"1642\" class=\"elementor elementor-1642\" data-elementor-post-type=\"page\">\n\t\t\t\t<div class=\"elementor-element elementor-element-f1d068d e-flex e-con-boxed e-con e-parent\" data-id=\"f1d068d\" data-element_type=\"container\">\n\t\t\t\t\t<div class=\"e-con-inner\">\n\t\t\t\t<div class=\"elementor-element elementor-element-3ad1a74 elementor-widget elementor-widget-heading\" data-id=\"3ad1a74\" data-element_type=\"widget\" data-widget_type=\"heading.default\">\n\t\t\t\t<div class=\"elementor-widget-container\">\n\t\t\t\t\t<h2 class=\"elementor-heading-title elementor-size-default\">\u00a1Comprar tus pines favoritos es super f\u00e1cil!<\/h2>\t\t\t\t<\/div>\n\t\t\t\t<\/div>\n\t\t\t\t<div class=\"elementor-element elementor-element-965a435 elementor-widget elementor-widget-text-editor\" data-id=\"965a435\" data-element_type=\"widget\" data-widget_type=\"text-editor.default\">\n\t\t\t\t<div class=\"elementor-widget-container\">\n\t\t\t\t\t\t\t\t\t<p>\u00a1Hola! \ud83d\udc4b En Pins Argentina queremos que tu experiencia sea incre\u00edble de principio a fin. Comprar en nuestra tienda es muy sencillo, pero como tenemos descuentos geniales por cantidad, ac\u00e1 te explicamos paso a paso c\u00f3mo funciona todo para que no te pierdas nada.<\/p>\t\t\t\t\t\t\t\t<\/div>\n\t\t\t\t<\/div>\n\t\t\t\t\t<\/div>\n\t\t\t\t<\/div>\n\t\t<div class=\"elementor-element elementor-element-22135ab e-flex e-con-boxed e-con e-parent\" data-id=\"22135ab\" data-element_type=\"container\">\n\t\t\t\t\t<div class=\"e-con-inner\">\n\t\t\t\t<div class=\"elementor-element elementor-element-a3a476a elementor-widget elementor-widget-spacer\" data-id=\"a3a476a\" data-element_type=\"widget\" data-widget_type=\"spacer.default\">\n\t\t\t\t<div class=\"elementor-widget-container\">\n\t\t\t\t\t\t\t<div class=\"elementor-spacer\">\n\t\t\t<div class=\"elementor-spacer-inner\"><\/div>\n\t\t<\/div>\n\t\t\t\t\t\t<\/div>\n\t\t\t\t<\/div>\n\t\t\t\t<div class=\"elementor-element elementor-element-fb98119 elementor-widget elementor-widget-heading\" data-id=\"fb98119\" data-element_type=\"widget\" data-widget_type=\"heading.default\">\n\t\t\t\t<div class=\"elementor-widget-container\">\n\t\t\t\t\t<h2 class=\"elementor-heading-title elementor-size-default\">Gu\u00eda R\u00e1pida en 4 Pasos Sencillos<\/h2>\t\t\t\t<\/div>\n\t\t\t\t<\/div>\n\t\t\t\t<div class=\"elementor-element elementor-element-999f59a elementor-widget elementor-widget-heading\" data-id=\"999f59a\" data-element_type=\"widget\" data-widget_type=\"heading.default\">\n\t\t\t\t<div class=\"elementor-widget-container\">\n\t\t\t\t\t<h2 class=\"elementor-heading-title elementor-size-default\">PASO 1: Explor\u00e1 y eleg\u00ed tus pines<\/h2>\t\t\t\t<\/div>\n\t\t\t\t<\/div>\n\t\t\t\t<div class=\"elementor-element elementor-element-b8d5ae9 elementor-widget elementor-widget-text-editor\" data-id=\"b8d5ae9\" data-element_type=\"widget\" data-widget_type=\"text-editor.default\">\n\t\t\t\t<div class=\"elementor-widget-container\">\n\t\t\t\t\t\t\t\t\t<p>Naveg\u00e1 por nuestras categor\u00edas <b>&#8220;2D, Luminosos, 3D y Charms&#8221;<\/b>. Cuando encuentres un pin que te guste, selecciona la cantidad que queres y simplemente hac\u00e9 click en el bot\u00f3n <b>&#8220;agregar al carrito&#8221;<\/b>. Pod\u00e9s agregar todos los modelos que quieras.<\/p>\t\t\t\t\t\t\t\t<\/div>\n\t\t\t\t<\/div>\n\t\t\t\t<div class=\"elementor-element elementor-element-2879885 elementor-widget elementor-widget-heading\" data-id=\"2879885\" data-element_type=\"widget\" data-widget_type=\"heading.default\">\n\t\t\t\t<div class=\"elementor-widget-container\">\n\t\t\t\t\t<h2 class=\"elementor-heading-title elementor-size-default\">PASO 2: La magia de los descuentos autom\u00e1ticos. (\u00a1LE\u00c9 ESTO!)<\/h2>\t\t\t\t<\/div>\n\t\t\t\t<\/div>\n\t\t\t\t<div class=\"elementor-element elementor-element-04c5600 elementor-widget elementor-widget-text-editor\" data-id=\"04c5600\" data-element_type=\"widget\" data-widget_type=\"text-editor.default\">\n\t\t\t\t<div class=\"elementor-widget-container\">\n\t\t\t\t\t\t\t\t\t<p>Ac\u00e1 viene lo mejor. No ten\u00e9s que usar cupones ni hacer c\u00e1lculos raros. <b>\u00a1Nuestro sistema aplica los descuentos por vos!\u00a0 <\/b><span style=\"font-size: 1rem;\">A medida que agregues pines de una misma categor\u00eda, vas a ver que el precio por unidad en tu carrito <\/span><b style=\"font-size: 1rem;\">baja autom\u00e1ticamente<\/b><span style=\"font-size: 1rem;\"> cuando lleg\u00e1s a 5, 10 o 20 unidades.<\/span><\/p><ul><li><p><b>Ejemplo:<\/b> Si agreg\u00e1s 10 pines de la categor\u00eda &#8220;2D y Luminosos&#8221;, el precio de cada uno pasar\u00e1 de $3.000 a $2.000 en tu carrito. \u00a1As\u00ed de f\u00e1cil!<\/p><\/li><\/ul>\t\t\t\t\t\t\t\t<\/div>\n\t\t\t\t<\/div>\n\t\t\t\t<div class=\"elementor-element elementor-element-322e179 elementor-widget elementor-widget-heading\" data-id=\"322e179\" data-element_type=\"widget\" data-widget_type=\"heading.default\">\n\t\t\t\t<div class=\"elementor-widget-container\">\n\t\t\t\t\t<h2 class=\"elementor-heading-title elementor-size-default\">PASO 3: Revis\u00e1 tu carrito y finaliz\u00e1 la compra<\/h2>\t\t\t\t<\/div>\n\t\t\t\t<\/div>\n\t\t\t\t<div class=\"elementor-element elementor-element-10b1ec9 elementor-widget elementor-widget-text-editor\" data-id=\"10b1ec9\" data-element_type=\"widget\" data-widget_type=\"text-editor.default\">\n\t\t\t\t<div class=\"elementor-widget-container\">\n\t\t\t\t\t\t\t\t\t<p>Una vez que tengas todos los pines que quer\u00e9s, and\u00e1 a tu carrito de compras. Ah\u00ed vas a poder ver el resumen de tu pedido con todos los descuentos ya aplicados. Si est\u00e1 todo bien, hac\u00e9 clic en <b>&#8220;Finalizar Compra&#8221;<\/b>.<\/p>\t\t\t\t\t\t\t\t<\/div>\n\t\t\t\t<\/div>\n\t\t\t\t<div class=\"elementor-element elementor-element-40a9e17 elementor-widget elementor-widget-heading\" data-id=\"40a9e17\" data-element_type=\"widget\" data-widget_type=\"heading.default\">\n\t\t\t\t<div class=\"elementor-widget-container\">\n\t\t\t\t\t<h2 class=\"elementor-heading-title elementor-size-default\">PASO 4: Complet\u00e1 tus datos y pag\u00e1<\/h2>\t\t\t\t<\/div>\n\t\t\t\t<\/div>\n\t\t\t\t<div class=\"elementor-element elementor-element-7ba2344 elementor-widget elementor-widget-text-editor\" data-id=\"7ba2344\" data-element_type=\"widget\" data-widget_type=\"text-editor.default\">\n\t\t\t\t<div class=\"elementor-widget-container\">\n\t\t\t\t\t\t\t\t\t<p>Por \u00faltimo, complet\u00e1 tu informaci\u00f3n de contacto, la direcci\u00f3n de env\u00edo y eleg\u00ed el m\u00e9todo de pago que prefieras. Una vez confirmado el pago, \u00a1nosotros nos ponemos a trabajar para que tu pedido te llegue lo antes posible!<\/p>\t\t\t\t\t\t\t\t<\/div>\n\t\t\t\t<\/div>\n\t\t\t\t<div class=\"elementor-element elementor-element-a68e611 elementor-widget elementor-widget-spacer\" data-id=\"a68e611\" data-element_type=\"widget\" data-widget_type=\"spacer.default\">\n\t\t\t\t<div class=\"elementor-widget-container\">\n\t\t\t\t\t\t\t<div class=\"elementor-spacer\">\n\t\t\t<div class=\"elementor-spacer-inner\"><\/div>\n\t\t<\/div>\n\t\t\t\t\t\t<\/div>\n\t\t\t\t<\/div>\n\t\t\t\t\t<\/div>\n\t\t\t\t<\/div>\n\t\t<div class=\"elementor-element elementor-element-e4d66eb e-flex e-con-boxed e-con e-parent\" data-id=\"e4d66eb\" data-element_type=\"container\">\n\t\t\t\t\t<div class=\"e-con-inner\">\n\t\t\t\t<div class=\"elementor-element elementor-element-78d0aee elementor-widget elementor-widget-heading\" data-id=\"78d0aee\" data-element_type=\"widget\" data-widget_type=\"heading.default\">\n\t\t\t\t<div class=\"elementor-widget-container\">\n\t\t\t\t\t<h2 class=\"elementor-heading-title elementor-size-default\">RECORD\u00c1 NUESTROS DESCUENTOS POR CANTIDAD<\/h2>\t\t\t\t<\/div>\n\t\t\t\t<\/div>\n\t\t\t\t<div class=\"elementor-element elementor-element-1674f7d elementor-widget elementor-widget-text-editor\" data-id=\"1674f7d\" data-element_type=\"widget\" data-widget_type=\"text-editor.default\">\n\t\t\t\t<div class=\"elementor-widget-container\">\n\t\t\t\t\t\t\t\t\t<p>Para que lo tengas siempre a mano, ac\u00e1 te dejamos la tabla de precios. Record\u00e1 que el descuento se aplica por separado en cada categor\u00eda.<\/p>\t\t\t\t\t\t\t\t<\/div>\n\t\t\t\t<\/div>\n\t\t\t\t\t<\/div>\n\t\t\t\t<\/div>\n\t\t<div class=\"elementor-element elementor-element-65653cb e-flex e-con-boxed e-con e-parent\" data-id=\"65653cb\" data-element_type=\"container\">\n\t\t\t\t\t<div class=\"e-con-inner\">\n\t\t<div class=\"elementor-element elementor-element-4a1fb79 e-con-full e-flex e-con e-child\" data-id=\"4a1fb79\" data-element_type=\"container\">\n\t\t\t\t<div class=\"elementor-element elementor-element-f79332c elementor-widget elementor-widget-image\" data-id=\"f79332c\" data-element_type=\"widget\" data-widget_type=\"image.default\">\n\t\t\t\t<div class=\"elementor-widget-container\">\n\t\t\t\t\t\t\t\t\t\t\t\t\t\t\t<img fetchpriority=\"high\" decoding=\"async\" width=\"500\" height=\"500\" src=\"https:\/\/pinsargentina.shop\/wp-content\/uploads\/2025\/08\/Beige-Minimalist-Beauty-Salon-Price-List.png\" class=\"attachment-large size-large wp-image-1690\" alt=\"\" srcset=\"https:\/\/pinsargentina.shop\/wp-content\/uploads\/2025\/08\/Beige-Minimalist-Beauty-Salon-Price-List.png 500w, https:\/\/pinsargentina.shop\/wp-content\/uploads\/2025\/08\/Beige-Minimalist-Beauty-Salon-Price-List-300x300.png 300w, https:\/\/pinsargentina.shop\/wp-content\/uploads\/2025\/08\/Beige-Minimalist-Beauty-Salon-Price-List-150x150.png 150w, https:\/\/pinsargentina.shop\/wp-content\/uploads\/2025\/08\/Beige-Minimalist-Beauty-Salon-Price-List-100x100.png 100w\" sizes=\"(max-width: 500px) 100vw, 500px\" \/>\t\t\t\t\t\t\t\t\t\t\t\t\t\t\t<\/div>\n\t\t\t\t<\/div>\n\t\t\t\t<\/div>\n\t\t<div class=\"elementor-element elementor-element-ff43be7 e-con-full e-flex e-con e-child\" data-id=\"ff43be7\" data-element_type=\"container\">\n\t\t\t\t<div class=\"elementor-element elementor-element-8abf3d1 elementor-widget elementor-widget-image\" data-id=\"8abf3d1\" data-element_type=\"widget\" data-widget_type=\"image.default\">\n\t\t\t\t<div class=\"elementor-widget-container\">\n\t\t\t\t\t\t\t\t\t\t\t\t\t\t\t<img decoding=\"async\" width=\"500\" height=\"500\" src=\"https:\/\/pinsargentina.shop\/wp-content\/uploads\/2025\/08\/Beige-Minimalist-Beauty-Salon-Price-List-1.png\" class=\"attachment-large size-large wp-image-1689\" alt=\"\" srcset=\"https:\/\/pinsargentina.shop\/wp-content\/uploads\/2025\/08\/Beige-Minimalist-Beauty-Salon-Price-List-1.png 500w, https:\/\/pinsargentina.shop\/wp-content\/uploads\/2025\/08\/Beige-Minimalist-Beauty-Salon-Price-List-1-300x300.png 300w, https:\/\/pinsargentina.shop\/wp-content\/uploads\/2025\/08\/Beige-Minimalist-Beauty-Salon-Price-List-1-150x150.png 150w, https:\/\/pinsargentina.shop\/wp-content\/uploads\/2025\/08\/Beige-Minimalist-Beauty-Salon-Price-List-1-100x100.png 100w\" sizes=\"(max-width: 500px) 100vw, 500px\" \/>\t\t\t\t\t\t\t\t\t\t\t\t\t\t\t<\/div>\n\t\t\t\t<\/div>\n\t\t\t\t<\/div>\n\t\t\t\t\t<\/div>\n\t\t\t\t<\/div>\n\t\t<div class=\"elementor-element elementor-element-8004336 e-flex e-con-boxed e-con e-parent\" data-id=\"8004336\" data-element_type=\"container\">\n\t\t\t\t\t<div class=\"e-con-inner\">\n\t\t\t\t<div class=\"elementor-element elementor-element-24ffb17 elementor-widget elementor-widget-text-editor\" data-id=\"24ffb17\" data-element_type=\"widget\" data-widget_type=\"text-editor.default\">\n\t\t\t\t<div class=\"elementor-widget-container\">\n\t\t\t\t\t\t\t\t\t<p><b>Importante:<\/b> Los descuentos no son acumulables entre categor\u00edas. Por ejemplo, 3 pines 2D y 2 pines 3D no suman para el descuento de 5 unidades. Ten\u00e9s que juntar 5 pines de la misma categor\u00eda para que se active la promo.<\/p>\t\t\t\t\t\t\t\t<\/div>\n\t\t\t\t<\/div>\n\t\t\t\t<div class=\"elementor-element elementor-element-20af0fc elementor-widget elementor-widget-heading\" data-id=\"20af0fc\" data-element_type=\"widget\" data-widget_type=\"heading.default\">\n\t\t\t\t<div class=\"elementor-widget-container\">\n\t\t\t\t\t<h2 class=\"elementor-heading-title elementor-size-default\">\u00bfTODO LISTO PARA EMPEZAR TU COLECCI\u00d3N?<\/h2>\t\t\t\t<\/div>\n\t\t\t\t<\/div>\n\t\t\t\t<div class=\"elementor-element elementor-element-ad4e533 elementor-align-center elementor-widget elementor-widget-button\" data-id=\"ad4e533\" data-element_type=\"widget\" data-widget_type=\"button.default\">\n\t\t\t\t<div class=\"elementor-widget-container\">\n\t\t\t\t\t\t\t\t\t<div class=\"elementor-button-wrapper\">\n\t\t\t\t\t<a class=\"elementor-button elementor-button-link elementor-size-sm\" href=\"https:\/\/pinsargentina.shop\/\">\n\t\t\t\t\t\t<span class=\"elementor-button-content-wrapper\">\n\t\t\t\t\t\t\t\t\t<span class=\"elementor-button-text\">\ud83d\udc49 \u00a1IR A LA TIENDA Y ELEGIR MIS PINES! \ud83d\udc48<\/span>\n\t\t\t\t\t<\/span>\n\t\t\t\t\t<\/a>\n\t\t\t\t<\/div>\n\t\t\t\t\t\t\t\t<\/div>\n\t\t\t\t<\/div>\n\t\t\t\t<div class=\"elementor-element elementor-element-ebeb3c9 elementor-widget elementor-widget-spacer\" data-id=\"ebeb3c9\" data-element_type=\"widget\" data-widget_type=\"spacer.default\">\n\t\t\t\t<div class=\"elementor-widget-container\">\n\t\t\t\t\t\t\t<div class=\"elementor-spacer\">\n\t\t\t<div class=\"elementor-spacer-inner\"><\/div>\n\t\t<\/div>\n\t\t\t\t\t\t<\/div>\n\t\t\t\t<\/div>\n\t\t\t\t\t<\/div>\n\t\t\t\t<\/div>\n\t\t\t\t<\/div>\n\t\t","protected":false},"excerpt":{"rendered":"<p>\u00a1Comprar tus pines favoritos es super f\u00e1cil! \u00a1Hola! \ud83d\udc4b En Pins Argentina queremos que tu experiencia sea incre\u00edble de principio a fin. Comprar en nuestra tienda es muy sencillo, pero como tenemos descuentos geniales por cantidad, ac\u00e1 te explicamos paso a paso c\u00f3mo funciona todo para que no te pierdas nada. Gu\u00eda R\u00e1pida en 4 [&hellip;]<\/p>\n","protected":false},"author":1,"featured_media":0,"parent":0,"menu_order":0,"comment_status":"closed","ping_status":"closed","template":"elementor_header_footer","meta":{"_uag_custom_page_level_css":"","footnotes":""},"class_list":["post-1642","page","type-page","status-publish","hentry"],"uagb_featured_image_src":{"full":false,"thumbnail":false,"medium":false,"medium_large":false,"large":false,"1536x1536":false,"2048x2048":false,"tp-image-grid":false,"woocommerce_thumbnail":false,"woocommerce_single":false,"woocommerce_gallery_thumbnail":false},"uagb_author_info":{"display_name":"lourdes tazzioli","author_link":"https:\/\/pinsargentina.shop\/?author=1"},"uagb_comment_info":0,"uagb_excerpt":"\u00a1Comprar tus pines favoritos es super f\u00e1cil! \u00a1Hola! \ud83d\udc4b En Pins Argentina queremos que tu experiencia sea incre\u00edble de principio a fin. Comprar en nuestra tienda es muy sencillo, pero como tenemos descuentos geniales por cantidad, ac\u00e1 te explicamos paso a paso c\u00f3mo funciona todo para que no te pierdas nada. Gu\u00eda R\u00e1pida en 4&hellip;","_links":{"self":[{"href":"https:\/\/pinsargentina.shop\/index.php?rest_route=\/wp\/v2\/pages\/1642","targetHints":{"allow":["GET"]}}],"collection":[{"href":"https:\/\/pinsargentina.shop\/index.php?rest_route=\/wp\/v2\/pages"}],"about":[{"href":"https:\/\/pinsargentina.shop\/index.php?rest_route=\/wp\/v2\/types\/page"}],"author":[{"embeddable":true,"href":"https:\/\/pinsargentina.shop\/index.php?rest_route=\/wp\/v2\/users\/1"}],"replies":[{"embeddable":true,"href":"https:\/\/pinsargentina.shop\/index.php?rest_route=%2Fwp%2Fv2%2Fcomments&post=1642"}],"version-history":[{"count":37,"href":"https:\/\/pinsargentina.shop\/index.php?rest_route=\/wp\/v2\/pages\/1642\/revisions"}],"predecessor-version":[{"id":1721,"href":"https:\/\/pinsargentina.shop\/index.php?rest_route=\/wp\/v2\/pages\/1642\/revisions\/1721"}],"wp:attachment":[{"href":"https:\/\/pinsargentina.shop\/index.php?rest_route=%2Fwp%2Fv2%2Fmedia&parent=1642"}],"curies":[{"name":"wp","href":"https:\/\/api.w.org\/{rel}","templated":true}]}}